{"id":1973,"date":"2015-10-15T19:04:42","date_gmt":"2015-10-15T18:04:42","guid":{"rendered":"http:\/\/www.tafalu.ch\/?post_type=product&#038;p=1973"},"modified":"2022-02-27T16:10:45","modified_gmt":"2022-02-27T16:10:45","slug":"weidenkranz","status":"publish","type":"product","link":"https:\/\/www.tafalu.ch\/?product=weidenkranz","title":{"rendered":"Weidenkranz"},"content":{"rendered":"<p>Der Kranz l\u00e4sst sich sehr gut weiterverarbeiten. Er ist ideal zum Aufh\u00e4ngen an eine T\u00fcr, an die Wand oder ans Fenster.<\/p>\n<p>Durchmesser: ca 30 &#8211; 32 cm<br \/>\nDurchmesser innen: ca 20 cm<br \/>\nFarben: weiss, beige, braun<br \/>\nMaterial: Holz<\/p>\n<p>Preis pro St\u00fcck<\/p>\n<p>&nbsp;<\/p>\n","protected":false},"excerpt":{"rendered":"<p>Der Kranz l\u00e4sst sich sehr gut weiterverarbeiten. Er ist ideal zum Aufh\u00e4ngen an eine T\u00fcr, an die Wand oder ans Fenster. Durchmesser: ca 30 &#8211; 32 cm Durchmesser innen: ca 20 cm Farben: weiss, beige, braun Material: Holz Preis pro St\u00fcck &nbsp;<\/p>\n","protected":false},"featured_media":1976,"template":"","meta":[],"_links":{"self":[{"href":"https:\/\/www.tafalu.ch\/index.php?rest_route=\/wp\/v2\/product\/1973"}],"collection":[{"href":"https:\/\/www.tafalu.ch\/index.php?rest_route=\/wp\/v2\/product"}],"about":[{"href":"https:\/\/www.tafalu.ch\/index.php?rest_route=\/wp\/v2\/types\/product"}],"wp:featuredmedia":[{"embeddable":true,"href":"https:\/\/www.tafalu.ch\/index.php?rest_route=\/wp\/v2\/media\/1976"}],"wp:attachment":[{"href":"https:\/\/www.tafalu.ch\/index.php?rest_route=%2Fwp%2Fv2%2Fmedia&parent=1973"}],"curies":[{"name":"wp","href":"https:\/\/api.w.org\/{rel}","templated":true}]}}