{"id":1942,"date":"2015-10-14T21:32:59","date_gmt":"2015-10-14T20:32:59","guid":{"rendered":"http:\/\/www.tafalu.ch\/?post_type=product&#038;p=1942"},"modified":"2016-06-10T18:00:11","modified_gmt":"2016-06-10T17:00:11","slug":"fluegel-2","status":"publish","type":"product","link":"https:\/\/www.tafalu.ch\/?product=fluegel-2","title":{"rendered":"Fl\u00fcgel"},"content":{"rendered":"<p>Zwischenst\u00fcck<br \/>\nIdeal f\u00fcr selbstgemachten Schmuck: Armb\u00e4nder, Anh\u00e4nger, Engel etc<\/p>\n<p>Farben: altmessing, platin, gold<br \/>\nGr\u00f6sse: gross: 12 x 50 mm, klein: 8 x 30 mm<br \/>\nMaterial: Modeschmuckmetall galvanisiert<\/p>\n<p>Preis pro St\u00fcck<\/p>\n","protected":false},"excerpt":{"rendered":"<p>Zwischenst\u00fcck Ideal f\u00fcr selbstgemachten Schmuck: Armb\u00e4nder, Anh\u00e4nger, Engel etc Farben: altmessing, platin, gold Gr\u00f6sse: gross: 12 x 50 mm, klein: 8 x 30 mm Material: Modeschmuckmetall galvanisiert Preis pro St\u00fcck<\/p>\n","protected":false},"featured_media":1948,"template":"","meta":[],"_links":{"self":[{"href":"https:\/\/www.tafalu.ch\/index.php?rest_route=\/wp\/v2\/product\/1942"}],"collection":[{"href":"https:\/\/www.tafalu.ch\/index.php?rest_route=\/wp\/v2\/product"}],"about":[{"href":"https:\/\/www.tafalu.ch\/index.php?rest_route=\/wp\/v2\/types\/product"}],"wp:featuredmedia":[{"embeddable":true,"href":"https:\/\/www.tafalu.ch\/index.php?rest_route=\/wp\/v2\/media\/1948"}],"wp:attachment":[{"href":"https:\/\/www.tafalu.ch\/index.php?rest_route=%2Fwp%2Fv2%2Fmedia&parent=1942"}],"curies":[{"name":"wp","href":"https:\/\/api.w.org\/{rel}","templated":true}]}}