{"id":1831,"date":"2015-09-11T12:48:39","date_gmt":"2015-09-11T12:48:39","guid":{"rendered":"http:\/\/www.tafalu.ch\/?post_type=product&#038;p=1831"},"modified":"2019-06-13T04:56:26","modified_gmt":"2019-06-13T04:56:26","slug":"giessform-stern","status":"publish","type":"product","link":"https:\/\/www.tafalu.ch\/?product=giessform-stern","title":{"rendered":"Giessform: Stern"},"content":{"rendered":"<p>Die Giessformen eigenen sich hervorragend f\u00fcr das Arbeiten mit Kreativ-Beton.<\/p>\n<p>&nbsp;<\/p>\n<p>Gr\u00f6ssen: 6cm, 6.5cm, 7cm, 9cm, 11cm, 28cm<\/p>\n<p>Tiefe: 3.5cm<\/p>\n<p>&nbsp;<\/p>\n<p>Preis pro St\u00fcck<\/p>\n","protected":false},"excerpt":{"rendered":"<p>Die Giessformen eigenen sich hervorragend f\u00fcr das Arbeiten mit Kreativ-Beton. &nbsp; Gr\u00f6ssen: 6cm, 6.5cm, 7cm, 9cm, 11cm, 28cm Tiefe: 3.5cm &nbsp; Preis pro St\u00fcck<\/p>\n","protected":false},"featured_media":1836,"template":"","meta":[],"_links":{"self":[{"href":"https:\/\/www.tafalu.ch\/index.php?rest_route=\/wp\/v2\/product\/1831"}],"collection":[{"href":"https:\/\/www.tafalu.ch\/index.php?rest_route=\/wp\/v2\/product"}],"about":[{"href":"https:\/\/www.tafalu.ch\/index.php?rest_route=\/wp\/v2\/types\/product"}],"wp:featuredmedia":[{"embeddable":true,"href":"https:\/\/www.tafalu.ch\/index.php?rest_route=\/wp\/v2\/media\/1836"}],"wp:attachment":[{"href":"https:\/\/www.tafalu.ch\/index.php?rest_route=%2Fwp%2Fv2%2Fmedia&parent=1831"}],"curies":[{"name":"wp","href":"https:\/\/api.w.org\/{rel}","templated":true}]}}