{"id":1680,"date":"2015-09-04T17:57:23","date_gmt":"2015-09-04T16:57:23","guid":{"rendered":"http:\/\/www.tafalu.ch\/?post_type=product&#038;p=1680"},"modified":"2017-10-18T10:46:01","modified_gmt":"2017-10-18T10:46:01","slug":"anhaenger-violinschluessel-verziert","status":"publish","type":"product","link":"https:\/\/www.tafalu.ch\/?product=anhaenger-violinschluessel-verziert","title":{"rendered":"Anh\u00e4nger Violinschl\u00fcssel verziert"},"content":{"rendered":"<p>Der Anh\u00e4nger ist einseitig.<\/p>\n<p>Geeinget f\u00fcr Armb\u00e4nder, Ohrringe, Halsschmuck, Dekoartikel.<\/p>\n<p>&nbsp;<\/p>\n<p>Gr\u00f6sse: 11 x28 mm<\/p>\n<p>Durchzug: 2mm<\/p>\n<p>Material: Modeschmuckmetall galvanisiert<\/p>\n<p>Farbe: platin<\/p>\n","protected":false},"excerpt":{"rendered":"<p>Der Anh\u00e4nger ist einseitig. Geeinget f\u00fcr Armb\u00e4nder, Ohrringe, Halsschmuck, Dekoartikel. &nbsp; Gr\u00f6sse: 11 x28 mm Durchzug: 2mm Material: Modeschmuckmetall galvanisiert Farbe: platin<\/p>\n","protected":false},"featured_media":1681,"template":"","meta":[],"_links":{"self":[{"href":"https:\/\/www.tafalu.ch\/index.php?rest_route=\/wp\/v2\/product\/1680"}],"collection":[{"href":"https:\/\/www.tafalu.ch\/index.php?rest_route=\/wp\/v2\/product"}],"about":[{"href":"https:\/\/www.tafalu.ch\/index.php?rest_route=\/wp\/v2\/types\/product"}],"wp:featuredmedia":[{"embeddable":true,"href":"https:\/\/www.tafalu.ch\/index.php?rest_route=\/wp\/v2\/media\/1681"}],"wp:attachment":[{"href":"https:\/\/www.tafalu.ch\/index.php?rest_route=%2Fwp%2Fv2%2Fmedia&parent=1680"}],"curies":[{"name":"wp","href":"https:\/\/api.w.org\/{rel}","templated":true}]}}