{"id":1617,"date":"2015-09-04T14:06:47","date_gmt":"2015-09-04T13:06:47","guid":{"rendered":"http:\/\/www.tafalu.ch\/?post_type=product&#038;p=1617"},"modified":"2017-10-18T10:39:22","modified_gmt":"2017-10-18T10:39:22","slug":"halsreif","status":"publish","type":"product","link":"https:\/\/www.tafalu.ch\/?product=halsreif","title":{"rendered":"Halsreif"},"content":{"rendered":"<p>Sehr eleganter und praktischer Reif. Der Draht hat einen Durchmesser von ca. 1mm. Der Umfang des Halsreifes betr\u00e4gt ca. 43,5 cm.<br \/>\nVerschliessbar mit einem Schraubverschluss mit einem Durchmesser von 2,8 mm.<br \/>\nDas Material ist fest genug, so dass der Ring auch bei schwereren Perlen seine Form beh\u00e4lt.<\/p>\n<p>Der Verschluss kann f\u00fcrs Einf\u00e4deln mit ein paar Hangriffen und mit Hilfe einer Zange entfernt werden.<\/p>\n<p>&nbsp;<\/p>\n<p>Durchmesser des Drahtes: 1 mm<\/p>\n<p>Durchmesser des Reifens: 13,7 cm<\/p>\n<p>Material: Modeschmuckmetall galvanisiert , Nylon<\/p>\n<p>Farben: diverse<\/p>\n<p>&nbsp;<\/p>\n<p>Preis pro St\u00fcck<\/p>\n","protected":false},"excerpt":{"rendered":"<p>Sehr eleganter und praktischer Reif. Der Draht hat einen Durchmesser von ca. 1mm. Der Umfang des Halsreifes betr\u00e4gt ca. 43,5 cm. Verschliessbar mit einem Schraubverschluss mit einem Durchmesser von 2,8 mm. Das Material ist fest genug, so dass der Ring auch bei schwereren Perlen seine Form beh\u00e4lt. Der Verschluss kann f\u00fcrs Einf\u00e4deln mit ein paar <a class=\"more-link\" href=\"https:\/\/www.tafalu.ch\/?product=halsreif\">Weiterlesen <i class=\"fa fa-chevron-right\"><\/i><\/a><\/p>\n","protected":false},"featured_media":1626,"template":"","meta":[],"_links":{"self":[{"href":"https:\/\/www.tafalu.ch\/index.php?rest_route=\/wp\/v2\/product\/1617"}],"collection":[{"href":"https:\/\/www.tafalu.ch\/index.php?rest_route=\/wp\/v2\/product"}],"about":[{"href":"https:\/\/www.tafalu.ch\/index.php?rest_route=\/wp\/v2\/types\/product"}],"wp:featuredmedia":[{"embeddable":true,"href":"https:\/\/www.tafalu.ch\/index.php?rest_route=\/wp\/v2\/media\/1626"}],"wp:attachment":[{"href":"https:\/\/www.tafalu.ch\/index.php?rest_route=%2Fwp%2Fv2%2Fmedia&parent=1617"}],"curies":[{"name":"wp","href":"https:\/\/api.w.org\/{rel}","templated":true}]}}