{"id":1327,"date":"2015-08-10T20:43:41","date_gmt":"2015-08-10T19:43:41","guid":{"rendered":"http:\/\/www.tafalu.ch\/?post_type=product&#038;p=1327"},"modified":"2015-08-10T20:43:41","modified_gmt":"2015-08-10T19:43:41","slug":"metall-zierelement-mit-oese","status":"publish","type":"product","link":"https:\/\/www.tafalu.ch\/?product=metall-zierelement-mit-oese","title":{"rendered":"Metall-Zierelement mit \u00d6se"},"content":{"rendered":"<p>Form:\u00a0rund<\/p>\n<p>Farbe: silber<\/p>\n<p>Gr\u00f6sse: 8mm \u00f8<\/p>\n<p>Loch: 5mm \u00f8<\/p>\n<p>\u00d6se: 2mm<\/p>\n<p>&nbsp;<\/p>\n<p>Preis pro St\u00fcck<\/p>\n","protected":false},"excerpt":{"rendered":"<p>Form:\u00a0rund Farbe: silber Gr\u00f6sse: 8mm \u00f8 Loch: 5mm \u00f8 \u00d6se: 2mm &nbsp; Preis pro St\u00fcck<\/p>\n","protected":false},"featured_media":1328,"template":"","meta":[],"_links":{"self":[{"href":"https:\/\/www.tafalu.ch\/index.php?rest_route=\/wp\/v2\/product\/1327"}],"collection":[{"href":"https:\/\/www.tafalu.ch\/index.php?rest_route=\/wp\/v2\/product"}],"about":[{"href":"https:\/\/www.tafalu.ch\/index.php?rest_route=\/wp\/v2\/types\/product"}],"wp:featuredmedia":[{"embeddable":true,"href":"https:\/\/www.tafalu.ch\/index.php?rest_route=\/wp\/v2\/media\/1328"}],"wp:attachment":[{"href":"https:\/\/www.tafalu.ch\/index.php?rest_route=%2Fwp%2Fv2%2Fmedia&parent=1327"}],"curies":[{"name":"wp","href":"https:\/\/api.w.org\/{rel}","templated":true}]}}