{"id":12492,"date":"2026-02-12T17:24:53","date_gmt":"2026-02-12T17:24:53","guid":{"rendered":"https:\/\/www.tafalu.ch\/?post_type=product&#038;p=12492"},"modified":"2026-04-13T09:16:10","modified_gmt":"2026-04-13T09:16:10","slug":"chiang-mai-2-in-1-rucksack","status":"publish","type":"product","link":"https:\/\/www.tafalu.ch\/?product=chiang-mai-2-in-1-rucksack","title":{"rendered":"Chiang Mai 2 in 1 Rucksack"},"content":{"rendered":"<h1 style=\"text-align: center;\">Tembo 2in1 Laptop Rucksack<\/h1>\n<h2>Ein umweltfreundliches &amp; robustes Musthave<\/h2>\n<p>Der Tembo 2in1 Rucksack &#8222;Chiang Mai&#8220; ist der perfekte Begleiter f\u00fcr Business, Sport und Freizeit. Das elegante <strong>Unisex<\/strong> Design spricht M\u00e4nner &amp; Frauen an und macht trotzdem eine sportliche Figur. Er bietet <strong>viel Stauraum<\/strong> f\u00fcr alles, was du unterwegs brauchst und ist mit einem <strong>Diebstahlsicheren Wertsachenfach<\/strong> ausgestattet. Dieser speziell entwickelte Tembo Rucksack <strong>macht dein Leben<\/strong> einfacher und vereint Funktionalit\u00e4t mit edlem Design. Mit einem Leichtgewicht von nur 840 Gramm und seiner hochwertigen Verarbeitung \/ Ausstattung bist du an jeder Tagung, auf Reisen, beim Training, beim shoppen. beim Tagesausflug mit Freunden &amp; Familie oder in der Uni super ausger\u00fcstet.<\/p>\n<p>Der Chiang Mai Laptop Rucksack ist die perfekte Kombination aus Laptop &#8211; Tasche und Rucksack, einfach elefantenstark &amp; <strong>multifunktional einsetzbar.<\/strong><\/p>\n<p>&nbsp;<\/p>\n<p><strong>Die wichtigsten Merkmale im \u00dcberblick:<\/strong><\/p>\n<ul>\n<li>Gepolstertes Laptopfach f\u00fcr 16 Zoll Bildschirm<\/li>\n<li>22 recycelte PET Flaschen<\/li>\n<li>REPREVE zertifiziertes Garn<\/li>\n<li>Wasserabweisend<\/li>\n<li>Abgetrenntes Nassfach<\/li>\n<li>Bequeme und verstellbare Schultergurte<\/li>\n<li>Ergonomisch gepolstertes R\u00fcckenteil<\/li>\n<li>Anti-Diebstahl-Sicherheitsfach am R\u00fccken<\/li>\n<li>Innenfutter 210D Polyester<\/li>\n<li>Modernes Rolltop Design<\/li>\n<li>2 seitliche Taschen f\u00fcr Getr\u00e4nkeflasche und Regenschirm<\/li>\n<li>Leichtgewichtig (0,843 kg)<\/li>\n<li>Anti-Rutsch-Schnallen<\/li>\n<li>Grosse Innentasche mit Reissverschluss<\/li>\n<li>Frontfach mit verborgenem Reissverschluss<\/li>\n<li>Fassungsverm\u00f6gen 24 bis 32 Liter<\/li>\n<li>Gr\u00f6sse zusammengerollt: 33 x 15 x 48cm <strong>(ideal als Handgep\u00e4ck im Flieger)<\/strong><\/li>\n<li>Gr\u00f6sse offen: 33 x 15 x 62.5 cm<\/li>\n<li>F\u00fcr Teenager und Erwachsene<\/li>\n<li>Farbe: Anthrazit Grau, Himbeere<\/li>\n<\/ul>\n<p><strong>\u00a0<\/strong><\/p>\n<p><strong>Deine Vorteile im Detail:<\/strong><\/p>\n<ul>\n<li><strong>Das Laptopfach ist gepolstert und bietet ausreichend Platz f\u00fcr einen 16 Zoll Laptop<\/strong>. So kannst du deinen Laptop, ohne Angst vor Sch\u00e4den, sicher und bequem transportieren.<\/li>\n<li><strong>Der Rucksack besteht aus 22 recycelten PET Flaschen<\/strong>. Damit leistest du nachhaltig einen wertvollen Beitrag zum Umweltschutz.<\/li>\n<li><strong>Das REPREVE zertifizierte Garn ist wasserabweisend<\/strong>. So ist dein Inhalt auch bei leichtem Regen oder Schneefall gesch\u00fctzt.<\/li>\n<li><strong>Das untere Nassfach ist abgetrennt vom oberen Teil und h\u00e4lt deine Kleidung und andere Gegenst\u00e4nde trocken<\/strong>. So kannst du feuchte Sachen sicher vom Rucksack getrennt transportieren, ohne verschiedene Taschen verwenden zu m\u00fcssen. Es kan\u0131 mit einem nassen Tuch einfach ausgewaschen werden.<\/li>\n<li><strong>Die Schultergurte sind atmungsaktiv, bequem gepolstert und H\u00f6henverstellbar<\/strong>. So kannst du den Rucksack individuell an deine eigenen Bed\u00fcrfnisse und K\u00f6rpergr\u00f6sse anpassen.<\/li>\n<li><strong>Das R\u00fcckenteil ist durchg\u00e4ngig ergonomisch gepolstert und atmungsaktiv<\/strong>. So kanr du den Rucksack auch bei l\u00e4ngeren Tragezeiten bequem tragen. Kein Schwitzen im Sommer, dank Luftzirkulation.<\/li>\n<li><strong>Das Anti-Diebstahl-Sicherheitsfach am R\u00fccken ist perfekt f\u00fcr deine Wertsachen<\/strong>. -&gt; sind sie vor Diebstahl gesch\u00fctzt.<\/li>\n<li><strong>Das Innenfutter ist aus 210D Polyester gefertigt<\/strong>. Es ist robust und langlebig.<\/li>\n<li><strong>Das moderne Rolltop Design ist stylish und praktisch zugleich<\/strong>. Du kannst den Rucksack so gross oder klein machen, wie du ihn brauchst.<\/li>\n<li><strong>Die 2 seitlichen Taschen sind perfekt f\u00fcr deine Getr\u00e4nkeflasche und deinen<\/strong><br \/>\n<strong>Regenschirm<\/strong>. So hast du sie immer griffbereit.<\/li>\n<li><strong>Der Rucksack ist extrem leichtgewichtig<\/strong> und damit angenehm zu tragen.<\/li>\n<li><strong>Die Anti-Rutsch-Schnallen sorgen daf\u00fcr, dass der Rucksack auch mit nassen H\u00e4nden super zu \u00f6ffnen ist.<\/strong><\/li>\n<li><strong>Das grosse Innenfach besitzt eine separate Innentasche mit Reissverschluss<\/strong>, bietet<br \/>\nPlatz f\u00fcr verschiedene Bed\u00fcrfnisse.<\/li>\n<li><strong>Im Inneren befindet sich ein Steckfach f\u00fcr Handy oder Schl\u00fcssel<\/strong>, damit es auf die Schnelle griffbereit ist.<\/li>\n<li><strong>Das Frontfach ist mit verdecktem Reissverschluss ist perfekt f\u00fcr Kleinigkeiten, die du schnell griffbereit haben m\u00f6chtest<\/strong>. Sehr praktisch, ohne das grosse Fach \u00f6ffnen zu m\u00fcssen.<\/li>\n<li><strong>Der Clou ist ein versteckter Reissverschluss zwischen dem Haupt- und Bodenfach<\/strong>, so k\u00f6nnen die Dinge auch schnell von unten aus dem Rucksack geholt werden.<\/li>\n<li><strong>Das Fassungsverm\u00f6gen von 24 bis 32 Litern bietet ausreichend Platz f\u00fcr alles, was du brauchst<\/strong>. Flexible Einsatzm\u00f6glichkeiten garantiert!<\/li>\n<li><strong>Der Rucksack ist Unisex, perfekt f\u00fcr Teenager (ab 150cm K\u00f6rpergr\u00f6sse) und f\u00fcr<\/strong><br \/>\n<strong>Erwachsene geeignet.<\/strong><\/li>\n<li><strong>Fazit<\/strong>:Der Tembo 2in1 Rucksack &#8222;Chiang Mai&#8220; ist der elegante &amp; sichere Begleiter f\u00fcr Business, Sport und Freizeit. Er ist ergonomisch, modern und sportlich zugleich mit viel Stauraum f\u00fcr alles, was du t\u00e4glich brauchst. Dank seiner Polsterung bleiben alle Elektroger\u00e4te gesch\u00fctzt und du kannst zus\u00e4tzlich nasse Gegenst\u00e4nde gleichzeitig transportieren. Der<strong>PERFEKTE Rucksack f\u00fcr einen nachhaltigen Alltag.<\/strong><\/li>\n<\/ul>\n<p>&nbsp;<\/p>\n<p>&nbsp;<\/p>\n","protected":false},"excerpt":{"rendered":"<h2><strong>Chiang Mai Rucksack &#8211; Swiss Design trifft Funktion &amp; Nachhaltigkeit\u00a0<\/strong><\/h2>\n<p>&nbsp;<\/p>\n<p>Stylisch, praktisch und sozialem Mehrwert &#8211; der <strong>Chiang Mai Rucksack<\/strong> von Tembo ist dein zuverl\u00e4ssiger Begleiter \u00a0f\u00fcr Arbeit, Uni, Reisen oder den Alltag. Dank cleverem <strong>2-in-1 Design<\/strong> l\u00e4sst sich der Rucksack auch als praktische <strong>Tasche<\/strong> tragen &#8211; flexibel wie dein Leben.<\/p>\n<p>Mit <strong>gepolstertem Laptopfach, separatem Flaschenfach, Reflektoren, Brustgurt<\/strong> und viel Stauraum bleibt alles gut organisiert. Die ergonomischen Tr\u00e4ger sorgen f\u00fcr angenehmen Tragekomfort, auch wenn&#8217;s mal l\u00e4nger dauert.<\/p>\n<p>&nbsp;<\/p>\n<p><a href=\"https:\/\/www.tafalu.ch\/wp-content\/uploads\/2026\/02\/12.png\"><img loading=\"lazy\" class=\"alignnone size-medium wp-image-12524\" src=\"https:\/\/www.tafalu.ch\/wp-content\/uploads\/2026\/02\/12-300x300.png\" alt=\"\" width=\"300\" height=\"300\" srcset=\"https:\/\/www.tafalu.ch\/wp-content\/uploads\/2026\/02\/12-300x300.png 300w, https:\/\/www.tafalu.ch\/wp-content\/uploads\/2026\/02\/12-1024x1024.png 1024w, https:\/\/www.tafalu.ch\/wp-content\/uploads\/2026\/02\/12-150x150.png 150w, https:\/\/www.tafalu.ch\/wp-content\/uploads\/2026\/02\/12-768x768.png 768w, https:\/\/www.tafalu.ch\/wp-content\/uploads\/2026\/02\/12-1536x1536.png 1536w, https:\/\/www.tafalu.ch\/wp-content\/uploads\/2026\/02\/12-60x60.png 60w, https:\/\/www.tafalu.ch\/wp-content\/uploads\/2026\/02\/12-100x100.png 100w, https:\/\/www.tafalu.ch\/wp-content\/uploads\/2026\/02\/12-600x600.png 600w, https:\/\/www.tafalu.ch\/wp-content\/uploads\/2026\/02\/12.png 2046w\" sizes=\"(max-width: 300px) 100vw, 300px\" \/><\/a><\/p>\n[video width=\"2160\" height=\"2160\" mp4=\"https:\/\/www.tafalu.ch\/wp-content\/uploads\/2026\/02\/Video1.mp4\"][\/video]\n<p>&nbsp;<\/p>\n<ul>\n<li>2-in-1 Rucksack &amp; Tasche<\/li>\n<li>Ergonomisch &amp; stilvoll &#8211; ideal f\u00fcr Alltag, Arbeit &amp; Reisen<\/li>\n<li>Swiss Design mit cleveren F\u00e4chern (Laptop, Flasche &amp; Co)<\/li>\n<li>Aus recyceltem PET &#8211; nachhaltig &amp; robust<\/li>\n<\/ul>\n<p>Jetzt entdecken &amp; mit dem <strong>Chiang Mai Rucksack<\/strong> die perfekte Balance aus Design und Funktion erleben.<\/p>\n","protected":false},"featured_media":12507,"template":"","meta":[],"_links":{"self":[{"href":"https:\/\/www.tafalu.ch\/index.php?rest_route=\/wp\/v2\/product\/12492"}],"collection":[{"href":"https:\/\/www.tafalu.ch\/index.php?rest_route=\/wp\/v2\/product"}],"about":[{"href":"https:\/\/www.tafalu.ch\/index.php?rest_route=\/wp\/v2\/types\/product"}],"wp:featuredmedia":[{"embeddable":true,"href":"https:\/\/www.tafalu.ch\/index.php?rest_route=\/wp\/v2\/media\/12507"}],"wp:attachment":[{"href":"https:\/\/www.tafalu.ch\/index.php?rest_route=%2Fwp%2Fv2%2Fmedia&parent=12492"}],"curies":[{"name":"wp","href":"https:\/\/api.w.org\/{rel}","templated":true}]}}