{"id":110,"date":"2015-06-02T11:05:40","date_gmt":"2015-06-02T10:05:40","guid":{"rendered":"http:\/\/tafalu.ch\/?post_type=product&#038;p=110"},"modified":"2017-10-18T07:19:12","modified_gmt":"2017-10-18T07:19:12","slug":"kettelstift-50mm","status":"publish","type":"product","link":"https:\/\/www.tafalu.ch\/?product=kettelstift-50mm","title":{"rendered":"Kettelstift mit Kopfst\u00fcck"},"content":{"rendered":"<p>Diese Kettelnadeln sind sehr fest.<br \/>\nDie Perle f\u00e4deln Sie an der Kettelnadel ein, mit einer Kettelzange machen Sie am anderen Ende eine \u00d6se und h\u00e4ngen sie an eine Kette oder an einen Ohrring an.<\/p>\n<p>L\u00e4nge: 50mm<br \/>\nFarbe: platin<br \/>\nMaterial: Modeschmuckmetall galvanisiert<\/p>\n<p>Preis pro 10 St\u00fcck<\/p>\n","protected":false},"excerpt":{"rendered":"<p>Diese Kettelnadeln sind sehr fest. Die Perle f\u00e4deln Sie an der Kettelnadel ein, mit einer Kettelzange machen Sie am anderen Ende eine \u00d6se und h\u00e4ngen sie an eine Kette oder an einen Ohrring an. L\u00e4nge: 50mm Farbe: platin Material: Modeschmuckmetall galvanisiert Preis pro 10 St\u00fcck<\/p>\n","protected":false},"featured_media":125,"template":"","meta":[],"_links":{"self":[{"href":"https:\/\/www.tafalu.ch\/index.php?rest_route=\/wp\/v2\/product\/110"}],"collection":[{"href":"https:\/\/www.tafalu.ch\/index.php?rest_route=\/wp\/v2\/product"}],"about":[{"href":"https:\/\/www.tafalu.ch\/index.php?rest_route=\/wp\/v2\/types\/product"}],"wp:featuredmedia":[{"embeddable":true,"href":"https:\/\/www.tafalu.ch\/index.php?rest_route=\/wp\/v2\/media\/125"}],"wp:attachment":[{"href":"https:\/\/www.tafalu.ch\/index.php?rest_route=%2Fwp%2Fv2%2Fmedia&parent=110"}],"curies":[{"name":"wp","href":"https:\/\/api.w.org\/{rel}","templated":true}]}}