{"id":1093,"date":"2015-07-25T12:59:12","date_gmt":"2015-07-25T11:59:12","guid":{"rendered":"http:\/\/www.tafalu.ch\/?post_type=product&#038;p=1093"},"modified":"2019-07-03T08:23:15","modified_gmt":"2019-07-03T08:23:15","slug":"schmuck-ring-flach","status":"publish","type":"product","link":"https:\/\/www.tafalu.ch\/?product=schmuck-ring-flach","title":{"rendered":"Schmuck-Ring flach"},"content":{"rendered":"<p>Gr\u00f6sse:\u00a015mm \u00f8,\u00a020mm \u00f8<\/p>\n<p>Farbe: silber<\/p>\n<p>&nbsp;<\/p>\n<p>Packung: 15mm: 4 St\u00fcck; 20mm: 2 St\u00fcck<\/p>\n<p>&nbsp;<\/p>\n<p>Preis pro Packung<\/p>\n<p>&nbsp;<\/p>\n<p>&nbsp;<\/p>\n","protected":false},"excerpt":{"rendered":"<p>Gr\u00f6sse:\u00a015mm \u00f8,\u00a020mm \u00f8 Farbe: silber &nbsp; Packung: 15mm: 4 St\u00fcck; 20mm: 2 St\u00fcck &nbsp; Preis pro Packung &nbsp; &nbsp;<\/p>\n","protected":false},"featured_media":1095,"template":"","meta":[],"_links":{"self":[{"href":"https:\/\/www.tafalu.ch\/index.php?rest_route=\/wp\/v2\/product\/1093"}],"collection":[{"href":"https:\/\/www.tafalu.ch\/index.php?rest_route=\/wp\/v2\/product"}],"about":[{"href":"https:\/\/www.tafalu.ch\/index.php?rest_route=\/wp\/v2\/types\/product"}],"wp:featuredmedia":[{"embeddable":true,"href":"https:\/\/www.tafalu.ch\/index.php?rest_route=\/wp\/v2\/media\/1095"}],"wp:attachment":[{"href":"https:\/\/www.tafalu.ch\/index.php?rest_route=%2Fwp%2Fv2%2Fmedia&parent=1093"}],"curies":[{"name":"wp","href":"https:\/\/api.w.org\/{rel}","templated":true}]}}