{"id":1048,"date":"2015-07-25T12:00:37","date_gmt":"2015-07-25T11:00:37","guid":{"rendered":"http:\/\/www.tafalu.ch\/?post_type=product&#038;p=1048"},"modified":"2019-11-09T16:41:22","modified_gmt":"2019-11-09T16:41:22","slug":"ringel","status":"publish","type":"product","link":"https:\/\/www.tafalu.ch\/?product=ringel","title":{"rendered":"Ringel"},"content":{"rendered":"<p>Ringel<\/p>\n<p>&nbsp;<\/p>\n<p>Gr\u00f6ssen: 4,6mm \u00f8 und 8mm<\/p>\n<p>Dicke: \u00f81mm<\/p>\n<p>Farbe:\u00a0platin, gold<\/p>\n<p>&nbsp;<\/p>\n<p>20 St\u00fcck pro Packung<\/p>\n<p>&nbsp;<\/p>\n<p>Preis pro Packung<\/p>\n<p>&nbsp;<\/p>\n<p>&nbsp;<\/p>\n<p>&nbsp;<\/p>\n","protected":false},"excerpt":{"rendered":"<p>Ringel &nbsp; Gr\u00f6ssen: 4,6mm \u00f8 und 8mm Dicke: \u00f81mm Farbe:\u00a0platin, gold &nbsp; 20 St\u00fcck pro Packung &nbsp; Preis pro Packung &nbsp; &nbsp; &nbsp;<\/p>\n","protected":false},"featured_media":1050,"template":"","meta":[],"_links":{"self":[{"href":"https:\/\/www.tafalu.ch\/index.php?rest_route=\/wp\/v2\/product\/1048"}],"collection":[{"href":"https:\/\/www.tafalu.ch\/index.php?rest_route=\/wp\/v2\/product"}],"about":[{"href":"https:\/\/www.tafalu.ch\/index.php?rest_route=\/wp\/v2\/types\/product"}],"wp:featuredmedia":[{"embeddable":true,"href":"https:\/\/www.tafalu.ch\/index.php?rest_route=\/wp\/v2\/media\/1050"}],"wp:attachment":[{"href":"https:\/\/www.tafalu.ch\/index.php?rest_route=%2Fwp%2Fv2%2Fmedia&parent=1048"}],"curies":[{"name":"wp","href":"https:\/\/api.w.org\/{rel}","templated":true}]}}