{"id":1005,"date":"2015-07-25T11:01:18","date_gmt":"2015-07-25T11:01:18","guid":{"rendered":"http:\/\/www.tafalu.ch\/?post_type=product&#038;p=1005"},"modified":"2022-02-27T16:03:01","modified_gmt":"2022-02-27T16:03:01","slug":"giessform-anhaenger-oval","status":"publish","type":"product","link":"https:\/\/www.tafalu.ch\/?product=giessform-anhaenger-oval","title":{"rendered":"Giessform Anh\u00e4nger Oval"},"content":{"rendered":"<p>Giessform: Anh\u00e4nger Oval<\/p>\n<p>Gr\u00f6sse: 2,9&#215;3,9cm<\/p>\n<p>&nbsp;<\/p>\n<p>Preis pro St\u00fcck<\/p>\n<p>&nbsp;<\/p>\n<p>&nbsp;<\/p>\n<p>&nbsp;<\/p>\n","protected":false},"excerpt":{"rendered":"<p>Giessform: Anh\u00e4nger Oval Gr\u00f6sse: 2,9&#215;3,9cm &nbsp; Preis pro St\u00fcck &nbsp; &nbsp; &nbsp;<\/p>\n","protected":false},"featured_media":1001,"template":"","meta":[],"_links":{"self":[{"href":"https:\/\/www.tafalu.ch\/index.php?rest_route=\/wp\/v2\/product\/1005"}],"collection":[{"href":"https:\/\/www.tafalu.ch\/index.php?rest_route=\/wp\/v2\/product"}],"about":[{"href":"https:\/\/www.tafalu.ch\/index.php?rest_route=\/wp\/v2\/types\/product"}],"wp:featuredmedia":[{"embeddable":true,"href":"https:\/\/www.tafalu.ch\/index.php?rest_route=\/wp\/v2\/media\/1001"}],"wp:attachment":[{"href":"https:\/\/www.tafalu.ch\/index.php?rest_route=%2Fwp%2Fv2%2Fmedia&parent=1005"}],"curies":[{"name":"wp","href":"https:\/\/api.w.org\/{rel}","templated":true}]}}