{"id":18,"date":"2016-12-05T08:00:21","date_gmt":"2016-12-05T07:00:21","guid":{"rendered":"http:\/\/tafalu.ch\/?page_id=18"},"modified":"2026-02-11T10:02:11","modified_gmt":"2026-02-11T10:02:11","slug":"home-3","status":"publish","type":"page","link":"https:\/\/www.tafalu.ch\/","title":{"rendered":"Home"},"content":{"rendered":"<h3 style=\"text-align: justify;\">Herzlich willkommen auf der Website von tafalu kreativ.<\/h3>\n<p>Aus pers\u00f6nlichen Gr\u00fcnden werde ich die meisten Artikel liquidieren und mich auf ein kleines Sortiment beschr\u00e4nken.<br \/>Es wird aber einige neue Artikel in absehbarer Zeit geben \ud83d\ude42 Seid gespannt !<\/p>\n<p>Der OnlineShop wird nun nach und nach angepasst und die Material \u00fcber eine Whatsappgruppe g\u00fcnstig abgegeben.<\/p>\n<p>Mit folgendem <a href=\"https:\/\/t.me\/+hLcD-FsY_Ug1NWE0\">Link<\/a> kann der Gruppe beigetreten werden.\u00a0<\/p>\n<p>Viel Spass<\/p>\n<h2 style=\"text-align: center;\">\u00a0<\/h2>\n\n\n<p><\/p>\n","protected":false},"excerpt":{"rendered":"<p>Herzlich willkommen auf der Website von tafalu kreativ. Aus pers\u00f6nlichen Gr\u00fcnden werde ich die meisten Artikel liquidieren und mich auf ein kleines Sortiment beschr\u00e4nken.Es wird aber einige neue Artikel in absehbarer Zeit geben \ud83d\ude42 Seid gespannt ! Der OnlineShop wird nun nach und nach angepasst und die Material \u00fcber eine Whatsappgruppe g\u00fcnstig abgegeben. Mit folgendem <a class=\"more-link\" href=\"https:\/\/www.tafalu.ch\/\">Weiterlesen <i class=\"fa fa-chevron-right\"><\/i><\/a><\/p>\n","protected":false},"author":1,"featured_media":0,"parent":0,"menu_order":0,"comment_status":"closed","ping_status":"open","template":"","meta":[],"_links":{"self":[{"href":"https:\/\/www.tafalu.ch\/index.php?rest_route=\/wp\/v2\/pages\/18"}],"collection":[{"href":"https:\/\/www.tafalu.ch\/index.php?rest_route=\/wp\/v2\/pages"}],"about":[{"href":"https:\/\/www.tafalu.ch\/index.php?rest_route=\/wp\/v2\/types\/page"}],"author":[{"embeddable":true,"href":"https:\/\/www.tafalu.ch\/index.php?rest_route=\/wp\/v2\/users\/1"}],"replies":[{"embeddable":true,"href":"https:\/\/www.tafalu.ch\/index.php?rest_route=%2Fwp%2Fv2%2Fcomments&post=18"}],"version-history":[{"count":186,"href":"https:\/\/www.tafalu.ch\/index.php?rest_route=\/wp\/v2\/pages\/18\/revisions"}],"predecessor-version":[{"id":12416,"href":"https:\/\/www.tafalu.ch\/index.php?rest_route=\/wp\/v2\/pages\/18\/revisions\/12416"}],"wp:attachment":[{"href":"https:\/\/www.tafalu.ch\/index.php?rest_route=%2Fwp%2Fv2%2Fmedia&parent=18"}],"curies":[{"name":"wp","href":"https:\/\/api.w.org\/{rel}","templated":true}]}}